{"id":2582,"date":"2022-01-12T17:55:35","date_gmt":"2022-01-12T17:55:35","guid":{"rendered":"https:\/\/sarahherpin.fr\/?page_id=2582"},"modified":"2022-01-28T12:45:33","modified_gmt":"2022-01-28T12:45:33","slug":"ma-vision","status":"publish","type":"page","link":"https:\/\/sarahherpin.fr\/?page_id=2582","title":{"rendered":"Ma vision"},"content":{"rendered":"\t\t<div data-elementor-type=\"wp-page\" data-elementor-id=\"2582\" class=\"elementor elementor-2582\" data-elementor-settings=\"[]\">\n\t\t\t\t\t\t\t<div class=\"elementor-section-wrap\">\n\t\t\t\t\t\t\t<section class=\"elementor-section elementor-top-section elementor-element elementor-element-1da430fd elementor-section-height-min-height elementor-section-boxed elementor-section-height-default elementor-section-items-middle\" data-id=\"1da430fd\" data-element_type=\"section\" data-settings=\"{&quot;background_background&quot;:&quot;classic&quot;}\">\n\t\t\t\t\t\t\t<div class=\"elementor-background-overlay\"><\/div>\n\t\t\t\t\t\t\t<div class=\"elementor-container elementor-column-gap-default\">\n\t\t\t\t\t<div class=\"elementor-column elementor-col-100 elementor-top-column elementor-element elementor-element-2594a5f6\" data-id=\"2594a5f6\" data-element_type=\"column\">\n\t\t\t<div class=\"elementor-widget-wrap elementor-element-populated\">\n\t\t\t\t\t\t\t\t<div class=\"elementor-element elementor-element-689ab640 elementor-widget elementor-widget-heading\" data-id=\"689ab640\" data-element_type=\"widget\" data-widget_type=\"heading.default\">\n\t\t\t\t<div class=\"elementor-widget-container\">\n\t\t\t<style>\/*! elementor - v3.5.5 - 03-02-2022 *\/\n.elementor-heading-title{padding:0;margin:0;line-height:1}.elementor-widget-heading .elementor-heading-title[class*=elementor-size-]>a{color:inherit;font-size:inherit;line-height:inherit}.elementor-widget-heading .elementor-heading-title.elementor-size-small{font-size:15px}.elementor-widget-heading .elementor-heading-title.elementor-size-medium{font-size:19px}.elementor-widget-heading .elementor-heading-title.elementor-size-large{font-size:29px}.elementor-widget-heading .elementor-heading-title.elementor-size-xl{font-size:39px}.elementor-widget-heading .elementor-heading-title.elementor-size-xxl{font-size:59px}<\/style><h1 class=\"elementor-heading-title elementor-size-medium\">Ma vision<br><\/h1>\t\t<\/div>\n\t\t\t\t<\/div>\n\t\t\t\t\t<\/div>\n\t\t<\/div>\n\t\t\t\t\t\t\t<\/div>\n\t\t<\/section>\n\t\t\t\t<section class=\"elementor-section elementor-top-section elementor-element elementor-element-470bdbc8 elementor-section-boxed elementor-section-height-default elementor-section-height-default\" data-id=\"470bdbc8\" data-element_type=\"section\">\n\t\t\t\t\t\t<div class=\"elementor-container elementor-column-gap-default\">\n\t\t\t\t\t<div class=\"elementor-column elementor-col-100 elementor-top-column elementor-element elementor-element-1138744\" data-id=\"1138744\" data-element_type=\"column\">\n\t\t\t<div class=\"elementor-widget-wrap elementor-element-populated\">\n\t\t\t\t\t\t\t\t<div class=\"elementor-element elementor-element-95ee160 elementor-widget elementor-widget-text-editor\" data-id=\"95ee160\" data-element_type=\"widget\" data-widget_type=\"text-editor.default\">\n\t\t\t\t<div class=\"elementor-widget-container\">\n\t\t\t<style>\/*! elementor - v3.5.5 - 03-02-2022 *\/\n.elementor-widget-text-editor.elementor-drop-cap-view-stacked .elementor-drop-cap{background-color:#818a91;color:#fff}.elementor-widget-text-editor.elementor-drop-cap-view-framed .elementor-drop-cap{color:#818a91;border:3px solid;background-color:transparent}.elementor-widget-text-editor:not(.elementor-drop-cap-view-default) .elementor-drop-cap{margin-top:8px}.elementor-widget-text-editor:not(.elementor-drop-cap-view-default) .elementor-drop-cap-letter{width:1em;height:1em}.elementor-widget-text-editor .elementor-drop-cap{float:left;text-align:center;line-height:1;font-size:50px}.elementor-widget-text-editor .elementor-drop-cap-letter{display:inline-block}<\/style>\t\t\t\t<p>Cuisiner oui!\u00a0<\/p><p>Mais seulement dans le respect de la terre, des hommes et de votre bien-\u00eatre!<\/p><p>Si j\u2019ai choisi en pleine conscience le m\u00e9tier de cuisini\u00e8re, c\u2019est bien-s\u00fbr parce que je suis passionn\u00e9e de cuisine, mais c\u2019est aussi parce que ce m\u00e9tier me permet de prendre soin de vous tout en prenant soin de la nature.<\/p>\t\t\t\t\t\t<\/div>\n\t\t\t\t<\/div>\n\t\t\t\t\t<\/div>\n\t\t<\/div>\n\t\t\t\t\t\t\t<\/div>\n\t\t<\/section>\n\t\t\t\t<section class=\"elementor-section elementor-top-section elementor-element elementor-element-a5vhni0 elementor-section-boxed elementor-section-height-default elementor-section-height-default\" data-id=\"a5vhni0\" data-element_type=\"section\">\n\t\t\t\t\t\t<div class=\"elementor-container elementor-column-gap-default\">\n\t\t\t\t\t<div class=\"elementor-column elementor-col-50 elementor-top-column elementor-element elementor-element-f485586\" data-id=\"f485586\" data-element_type=\"column\">\n\t\t\t<div class=\"elementor-widget-wrap elementor-element-populated\">\n\t\t\t\t\t\t\t\t<div class=\"elementor-element elementor-element-169c947 elementor-widget elementor-widget-image\" data-id=\"169c947\" data-element_type=\"widget\" data-widget_type=\"image.default\">\n\t\t\t\t<div class=\"elementor-widget-container\">\n\t\t\t<style>\/*! elementor - v3.5.5 - 03-02-2022 *\/\n.elementor-widget-image{text-align:center}.elementor-widget-image a{display:inline-block}.elementor-widget-image a img[src$=\".svg\"]{width:48px}.elementor-widget-image img{vertical-align:middle;display:inline-block}<\/style>\t\t\t\t\t\t\t\t\t\t\t\t<img loading=\"lazy\" decoding=\"async\" width=\"1024\" height=\"683\" src=\"https:\/\/sarahherpin.fr\/wp-content\/uploads\/2022\/01\/DSC_3626-1024x683.jpg\" class=\"attachment-large size-large\" alt=\"\" srcset=\"https:\/\/sarahherpin.fr\/wp-content\/uploads\/2022\/01\/DSC_3626-1024x683.jpg 1024w, https:\/\/sarahherpin.fr\/wp-content\/uploads\/2022\/01\/DSC_3626-300x200.jpg 300w, https:\/\/sarahherpin.fr\/wp-content\/uploads\/2022\/01\/DSC_3626-768x512.jpg 768w, https:\/\/sarahherpin.fr\/wp-content\/uploads\/2022\/01\/DSC_3626-1536x1024.jpg 1536w, https:\/\/sarahherpin.fr\/wp-content\/uploads\/2022\/01\/DSC_3626-24x16.jpg 24w, https:\/\/sarahherpin.fr\/wp-content\/uploads\/2022\/01\/DSC_3626-36x24.jpg 36w, https:\/\/sarahherpin.fr\/wp-content\/uploads\/2022\/01\/DSC_3626-48x32.jpg 48w, https:\/\/sarahherpin.fr\/wp-content\/uploads\/2022\/01\/DSC_3626.jpg 1620w\" sizes=\"auto, (max-width: 1024px) 100vw, 1024px\" \/>\t\t\t\t\t\t\t\t\t\t\t\t\t\t\t<\/div>\n\t\t\t\t<\/div>\n\t\t\t\t\t<\/div>\n\t\t<\/div>\n\t\t\t\t<div class=\"elementor-column elementor-col-50 elementor-top-column elementor-element elementor-element-7d00c84\" data-id=\"7d00c84\" data-element_type=\"column\">\n\t\t\t<div class=\"elementor-widget-wrap elementor-element-populated\">\n\t\t\t\t\t\t\t\t<div class=\"elementor-element elementor-element-8ce1b85 elementor-widget elementor-widget-heading\" data-id=\"8ce1b85\" data-element_type=\"widget\" data-widget_type=\"heading.default\">\n\t\t\t\t<div class=\"elementor-widget-container\">\n\t\t\t<h4 class=\"elementor-heading-title elementor-size-default\">Des produits qui respectent la nature\u2026<\/h4>\t\t<\/div>\n\t\t\t\t<\/div>\n\t\t\t\t<div class=\"elementor-element elementor-element-c31e03f elementor-widget elementor-widget-text-editor\" data-id=\"c31e03f\" data-element_type=\"widget\" data-widget_type=\"text-editor.default\">\n\t\t\t\t<div class=\"elementor-widget-container\">\n\t\t\t\t\t\t\t<p>Dans mes assiettes, tous les produits sont non trait\u00e9s. Certifi\u00e9s ou non, je m\u2019assure qu\u2019ils proviennent d\u2019un mara\u00eechage respectueux du vivant et de la biodiversit\u00e9. Pas de produit chimique, pas de serre chauff\u00e9e, que de l\u2019amour! Et dans les produits de mon jardin, \u00e7a, de l\u2019amour, il y en a!<\/p>\t\t\t\t\t\t<\/div>\n\t\t\t\t<\/div>\n\t\t\t\t\t<\/div>\n\t\t<\/div>\n\t\t\t\t\t\t\t<\/div>\n\t\t<\/section>\n\t\t\t\t<section class=\"elementor-section elementor-top-section elementor-element elementor-element-45ccab1 elementor-section-boxed elementor-section-height-default elementor-section-height-default\" data-id=\"45ccab1\" data-element_type=\"section\">\n\t\t\t\t\t\t<div class=\"elementor-container elementor-column-gap-default\">\n\t\t\t\t\t<div class=\"elementor-column elementor-col-50 elementor-top-column elementor-element elementor-element-2644a77\" data-id=\"2644a77\" data-element_type=\"column\">\n\t\t\t<div class=\"elementor-widget-wrap elementor-element-populated\">\n\t\t\t\t\t\t\t\t<div class=\"elementor-element elementor-element-070a58c elementor-widget elementor-widget-image\" data-id=\"070a58c\" data-element_type=\"widget\" data-widget_type=\"image.default\">\n\t\t\t\t<div class=\"elementor-widget-container\">\n\t\t\t\t\t\t\t\t\t\t\t\t\t\t\t<img loading=\"lazy\" decoding=\"async\" width=\"1024\" height=\"683\" src=\"https:\/\/sarahherpin.fr\/wp-content\/uploads\/2022\/01\/DSC_4051-1024x683.jpg\" class=\"attachment-large size-large\" alt=\"\" srcset=\"https:\/\/sarahherpin.fr\/wp-content\/uploads\/2022\/01\/DSC_4051-1024x683.jpg 1024w, https:\/\/sarahherpin.fr\/wp-content\/uploads\/2022\/01\/DSC_4051-300x200.jpg 300w, https:\/\/sarahherpin.fr\/wp-content\/uploads\/2022\/01\/DSC_4051-768x512.jpg 768w, https:\/\/sarahherpin.fr\/wp-content\/uploads\/2022\/01\/DSC_4051-1536x1024.jpg 1536w, https:\/\/sarahherpin.fr\/wp-content\/uploads\/2022\/01\/DSC_4051-24x16.jpg 24w, https:\/\/sarahherpin.fr\/wp-content\/uploads\/2022\/01\/DSC_4051-36x24.jpg 36w, https:\/\/sarahherpin.fr\/wp-content\/uploads\/2022\/01\/DSC_4051-48x32.jpg 48w, https:\/\/sarahherpin.fr\/wp-content\/uploads\/2022\/01\/DSC_4051.jpg 1620w\" sizes=\"auto, (max-width: 1024px) 100vw, 1024px\" \/>\t\t\t\t\t\t\t\t\t\t\t\t\t\t\t<\/div>\n\t\t\t\t<\/div>\n\t\t\t\t\t<\/div>\n\t\t<\/div>\n\t\t\t\t<div class=\"elementor-column elementor-col-50 elementor-top-column elementor-element elementor-element-51046ae\" data-id=\"51046ae\" data-element_type=\"column\">\n\t\t\t<div class=\"elementor-widget-wrap elementor-element-populated\">\n\t\t\t\t\t\t\t\t<div class=\"elementor-element elementor-element-7753fa4 elementor-widget elementor-widget-heading\" data-id=\"7753fa4\" data-element_type=\"widget\" data-widget_type=\"heading.default\">\n\t\t\t\t<div class=\"elementor-widget-container\">\n\t\t\t<h4 class=\"elementor-heading-title elementor-size-default\">\u2026et les hommes! <\/h4>\t\t<\/div>\n\t\t\t\t<\/div>\n\t\t\t\t<div class=\"elementor-element elementor-element-8802ff5 elementor-widget elementor-widget-text-editor\" data-id=\"8802ff5\" data-element_type=\"widget\" data-widget_type=\"text-editor.default\">\n\t\t\t\t<div class=\"elementor-widget-container\">\n\t\t\t\t\t\t\t<p>J\u2019ai \u00e0 c\u0153ur de soutenir le plus beau m\u00e9tier du monde, celui de nos mara\u00eechers nourriciers. Que ferions-nous sans eux? Ils travaillent sans rel\u00e2che pour nous offrir notre carburant. Et lorsqu\u2019il s\u2019agit de bons produits remplis de saveurs car ils ont \u00e9t\u00e9 cultiv\u00e9s dans les r\u00e8gles du vivant, c&rsquo;est du carburant de luxe! Merci \u00e0 eux de me permettre de vous offrir le meilleur.<\/p>\t\t\t\t\t\t<\/div>\n\t\t\t\t<\/div>\n\t\t\t\t\t<\/div>\n\t\t<\/div>\n\t\t\t\t\t\t\t<\/div>\n\t\t<\/section>\n\t\t\t\t<section class=\"elementor-section elementor-top-section elementor-element elementor-element-a2bd265 elementor-section-boxed elementor-section-height-default elementor-section-height-default\" data-id=\"a2bd265\" data-element_type=\"section\">\n\t\t\t\t\t\t<div class=\"elementor-container elementor-column-gap-default\">\n\t\t\t\t\t<div class=\"elementor-column elementor-col-50 elementor-top-column elementor-element elementor-element-b264700\" data-id=\"b264700\" data-element_type=\"column\">\n\t\t\t<div class=\"elementor-widget-wrap elementor-element-populated\">\n\t\t\t\t\t\t\t\t<div class=\"elementor-element elementor-element-643d5ce elementor-widget elementor-widget-image\" data-id=\"643d5ce\" data-element_type=\"widget\" data-widget_type=\"image.default\">\n\t\t\t\t<div class=\"elementor-widget-container\">\n\t\t\t\t\t\t\t\t\t\t\t\t\t\t\t<img loading=\"lazy\" decoding=\"async\" width=\"807\" height=\"1024\" src=\"https:\/\/sarahherpin.fr\/wp-content\/uploads\/2022\/01\/20210311_122556-rotated-e1641826382622-807x1024.jpg\" class=\"attachment-large size-large\" alt=\"\" srcset=\"https:\/\/sarahherpin.fr\/wp-content\/uploads\/2022\/01\/20210311_122556-rotated-e1641826382622-807x1024.jpg 807w, https:\/\/sarahherpin.fr\/wp-content\/uploads\/2022\/01\/20210311_122556-rotated-e1641826382622-236x300.jpg 236w, https:\/\/sarahherpin.fr\/wp-content\/uploads\/2022\/01\/20210311_122556-rotated-e1641826382622-768x974.jpg 768w, https:\/\/sarahherpin.fr\/wp-content\/uploads\/2022\/01\/20210311_122556-rotated-e1641826382622-19x24.jpg 19w, https:\/\/sarahherpin.fr\/wp-content\/uploads\/2022\/01\/20210311_122556-rotated-e1641826382622-28x36.jpg 28w, https:\/\/sarahherpin.fr\/wp-content\/uploads\/2022\/01\/20210311_122556-rotated-e1641826382622-38x48.jpg 38w, https:\/\/sarahherpin.fr\/wp-content\/uploads\/2022\/01\/20210311_122556-rotated-e1641826382622.jpg 1076w\" sizes=\"auto, (max-width: 807px) 100vw, 807px\" \/>\t\t\t\t\t\t\t\t\t\t\t\t\t\t\t<\/div>\n\t\t\t\t<\/div>\n\t\t\t\t\t<\/div>\n\t\t<\/div>\n\t\t\t\t<div class=\"elementor-column elementor-col-50 elementor-top-column elementor-element elementor-element-6390ad6\" data-id=\"6390ad6\" data-element_type=\"column\">\n\t\t\t<div class=\"elementor-widget-wrap elementor-element-populated\">\n\t\t\t\t\t\t\t\t<div class=\"elementor-element elementor-element-5a2d1cb elementor-widget elementor-widget-heading\" data-id=\"5a2d1cb\" data-element_type=\"widget\" data-widget_type=\"heading.default\">\n\t\t\t\t<div class=\"elementor-widget-container\">\n\t\t\t<h4 class=\"elementor-heading-title elementor-size-default\">Produits naturels = produits savoureux!<\/h4>\t\t<\/div>\n\t\t\t\t<\/div>\n\t\t\t\t<div class=\"elementor-element elementor-element-454d0cf elementor-widget elementor-widget-text-editor\" data-id=\"454d0cf\" data-element_type=\"widget\" data-widget_type=\"text-editor.default\">\n\t\t\t\t<div class=\"elementor-widget-container\">\n\t\t\t\t\t\t\t<p>L\u2019avantage lorsque l\u2019on respecte le vivant, c\u2019est qu\u2019il nous le rend bien. Les produits issus d\u2019une agriculture saine ont une saveur in\u00e9galable. En les choisissant, je sais que votre assiette aura du go\u00fbt. Je sais aussi, pour l\u2019avoir bien appris aux c\u00f4t\u00e9s d\u2019Alain Passard, qu\u2019en respectant les saisons, on ne peut pas se tromper. Voil\u00e0 pourquoi les asperges se marient divinement avec la rhubarbe, le poivron avec la p\u00eache, les Saint-Jacques avec le kiwi. Il ne me reste plus qu\u2019\u00e0 associer quelques beaux gestes \u00e0 ces magnifiques produits de saison,&nbsp; tout en conservant leurs couleurs, leurs textures et leur puissance naturelle.&nbsp;<\/p>\t\t\t\t\t\t<\/div>\n\t\t\t\t<\/div>\n\t\t\t\t\t<\/div>\n\t\t<\/div>\n\t\t\t\t\t\t\t<\/div>\n\t\t<\/section>\n\t\t\t\t<section class=\"elementor-section elementor-top-section elementor-element elementor-element-7152c04 elementor-section-boxed elementor-section-height-default elementor-section-height-default\" data-id=\"7152c04\" data-element_type=\"section\">\n\t\t\t\t\t\t<div class=\"elementor-container elementor-column-gap-default\">\n\t\t\t\t\t<div class=\"elementor-column elementor-col-50 elementor-top-column elementor-element elementor-element-eff0f49\" data-id=\"eff0f49\" data-element_type=\"column\">\n\t\t\t<div class=\"elementor-widget-wrap elementor-element-populated\">\n\t\t\t\t\t\t\t\t<div class=\"elementor-element elementor-element-71c443d elementor-widget elementor-widget-image\" data-id=\"71c443d\" data-element_type=\"widget\" data-widget_type=\"image.default\">\n\t\t\t\t<div class=\"elementor-widget-container\">\n\t\t\t\t\t\t\t\t\t\t\t\t\t\t\t<img loading=\"lazy\" decoding=\"async\" width=\"1024\" height=\"968\" src=\"https:\/\/sarahherpin.fr\/wp-content\/uploads\/2022\/01\/DSC_3838-e1643373854531-1024x968.jpg\" class=\"attachment-large size-large\" alt=\"\" srcset=\"https:\/\/sarahherpin.fr\/wp-content\/uploads\/2022\/01\/DSC_3838-e1643373854531-1024x968.jpg 1024w, https:\/\/sarahherpin.fr\/wp-content\/uploads\/2022\/01\/DSC_3838-e1643373854531-300x284.jpg 300w, https:\/\/sarahherpin.fr\/wp-content\/uploads\/2022\/01\/DSC_3838-e1643373854531-768x726.jpg 768w, https:\/\/sarahherpin.fr\/wp-content\/uploads\/2022\/01\/DSC_3838-e1643373854531-24x24.jpg 24w, https:\/\/sarahherpin.fr\/wp-content\/uploads\/2022\/01\/DSC_3838-e1643373854531-36x34.jpg 36w, https:\/\/sarahherpin.fr\/wp-content\/uploads\/2022\/01\/DSC_3838-e1643373854531-48x45.jpg 48w, https:\/\/sarahherpin.fr\/wp-content\/uploads\/2022\/01\/DSC_3838-e1643373854531.jpg 1142w\" sizes=\"auto, (max-width: 1024px) 100vw, 1024px\" \/>\t\t\t\t\t\t\t\t\t\t\t\t\t\t\t<\/div>\n\t\t\t\t<\/div>\n\t\t\t\t\t<\/div>\n\t\t<\/div>\n\t\t\t\t<div class=\"elementor-column elementor-col-50 elementor-top-column elementor-element elementor-element-5bc4a38\" data-id=\"5bc4a38\" data-element_type=\"column\">\n\t\t\t<div class=\"elementor-widget-wrap elementor-element-populated\">\n\t\t\t\t\t\t\t\t<div class=\"elementor-element elementor-element-1106127 elementor-widget elementor-widget-heading\" data-id=\"1106127\" data-element_type=\"widget\" data-widget_type=\"heading.default\">\n\t\t\t\t<div class=\"elementor-widget-container\">\n\t\t\t<h4 class=\"elementor-heading-title elementor-size-default\">Une cuisine saine ET p\u00e9tillante<\/h4>\t\t<\/div>\n\t\t\t\t<\/div>\n\t\t\t\t<div class=\"elementor-element elementor-element-ed45fb3 elementor-widget elementor-widget-text-editor\" data-id=\"ed45fb3\" data-element_type=\"widget\" data-widget_type=\"text-editor.default\">\n\t\t\t\t<div class=\"elementor-widget-container\">\n\t\t\t\t\t\t\t<p>Vous l\u2019avez compris, je veux vous nourrir avec des produits sains, gorg\u00e9s de vrai soleil et riches en nutriments gr\u00e2ce \u00e0 leur croissance naturelle. A cela s\u2019ajoute une autre volont\u00e9: celle de pr\u00e9server l\u2019essence des aliments et votre jardin \u00e0 vous, c&rsquo;est \u00e0 dire votre corps. Pour cela, je fais le choix d\u2019utiliser peu de sucre et de mati\u00e8re grasse, juste ce qu\u2019il faut pour que ce soit gourmand mais que les saveurs des produits soient pleinement conserv\u00e9es. J\u2019y ajoute le bouquet final: des herbes aromatiques et des fleurs comestibles cueillis dans mon jardin ou dans la nature. P\u00e9tillement garanti!<\/p>\t\t\t\t\t\t<\/div>\n\t\t\t\t<\/div>\n\t\t\t\t\t<\/div>\n\t\t<\/div>\n\t\t\t\t\t\t\t<\/div>\n\t\t<\/section>\n\t\t\t\t<section class=\"elementor-section elementor-top-section elementor-element elementor-element-2aef09f elementor-section-boxed elementor-section-height-default elementor-section-height-default\" data-id=\"2aef09f\" data-element_type=\"section\">\n\t\t\t\t\t\t<div class=\"elementor-container elementor-column-gap-default\">\n\t\t\t\t\t<div class=\"elementor-column elementor-col-50 elementor-top-column elementor-element elementor-element-ee076ed\" data-id=\"ee076ed\" data-element_type=\"column\">\n\t\t\t<div class=\"elementor-widget-wrap elementor-element-populated\">\n\t\t\t\t\t\t\t\t<div class=\"elementor-element elementor-element-ffc5ba7 elementor-widget elementor-widget-image\" data-id=\"ffc5ba7\" data-element_type=\"widget\" data-widget_type=\"image.default\">\n\t\t\t\t<div class=\"elementor-widget-container\">\n\t\t\t\t\t\t\t\t\t\t\t\t\t\t\t<img loading=\"lazy\" decoding=\"async\" width=\"1024\" height=\"683\" src=\"https:\/\/sarahherpin.fr\/wp-content\/uploads\/2022\/01\/DSC_4613-1024x683.jpg\" class=\"attachment-large size-large\" alt=\"\" srcset=\"https:\/\/sarahherpin.fr\/wp-content\/uploads\/2022\/01\/DSC_4613-1024x683.jpg 1024w, https:\/\/sarahherpin.fr\/wp-content\/uploads\/2022\/01\/DSC_4613-300x200.jpg 300w, https:\/\/sarahherpin.fr\/wp-content\/uploads\/2022\/01\/DSC_4613-768x512.jpg 768w, https:\/\/sarahherpin.fr\/wp-content\/uploads\/2022\/01\/DSC_4613-1536x1024.jpg 1536w, https:\/\/sarahherpin.fr\/wp-content\/uploads\/2022\/01\/DSC_4613-24x16.jpg 24w, https:\/\/sarahherpin.fr\/wp-content\/uploads\/2022\/01\/DSC_4613-36x24.jpg 36w, https:\/\/sarahherpin.fr\/wp-content\/uploads\/2022\/01\/DSC_4613-48x32.jpg 48w, https:\/\/sarahherpin.fr\/wp-content\/uploads\/2022\/01\/DSC_4613.jpg 1620w\" sizes=\"auto, (max-width: 1024px) 100vw, 1024px\" \/>\t\t\t\t\t\t\t\t\t\t\t\t\t\t\t<\/div>\n\t\t\t\t<\/div>\n\t\t\t\t\t<\/div>\n\t\t<\/div>\n\t\t\t\t<div class=\"elementor-column elementor-col-50 elementor-top-column elementor-element elementor-element-0862123\" data-id=\"0862123\" data-element_type=\"column\">\n\t\t\t<div class=\"elementor-widget-wrap elementor-element-populated\">\n\t\t\t\t\t\t\t\t<div class=\"elementor-element elementor-element-2cacc5b elementor-widget elementor-widget-heading\" data-id=\"2cacc5b\" data-element_type=\"widget\" data-widget_type=\"heading.default\">\n\t\t\t\t<div class=\"elementor-widget-container\">\n\t\t\t<h4 class=\"elementor-heading-title elementor-size-default\">Une cuisine z\u00e9ro d\u00e9chet!\n\n<\/h4>\t\t<\/div>\n\t\t\t\t<\/div>\n\t\t\t\t<div class=\"elementor-element elementor-element-9c80bf7 elementor-widget elementor-widget-text-editor\" data-id=\"9c80bf7\" data-element_type=\"widget\" data-widget_type=\"text-editor.default\">\n\t\t\t\t<div class=\"elementor-widget-container\">\n\t\t\t\t\t\t\t<p>Le gaspillage de mati\u00e8re, \u00e7a n&rsquo;est pas mon truc! Question de bon sens. C\u2019est pourquoi je choisis des produits en vrac et ne vous propose jamais de repas emball\u00e9. Les d\u00e9chets organiques, eux, alimentent mon compost ou r\u00e9galent mes deux poulettes. Enfin pour ce qu\u2019il leur reste, car j\u2019utilise tout ce qui est comestible dans chaque produit. Et quand exceptionnellement j\u2019\u00e9pluche un l\u00e9gume, sa peau donne une d\u00e9licieuse saveur \u00e0 mes bouillons;)<\/p>\t\t\t\t\t\t<\/div>\n\t\t\t\t<\/div>\n\t\t\t\t\t<\/div>\n\t\t<\/div>\n\t\t\t\t\t\t\t<\/div>\n\t\t<\/section>\n\t\t\t\t<section class=\"elementor-section elementor-top-section elementor-element elementor-element-b6fbd46 elementor-section-boxed elementor-section-height-default elementor-section-height-default\" data-id=\"b6fbd46\" data-element_type=\"section\">\n\t\t\t\t\t\t<div class=\"elementor-container elementor-column-gap-default\">\n\t\t\t\t\t<div class=\"elementor-column elementor-col-100 elementor-top-column elementor-element elementor-element-009d8e3\" data-id=\"009d8e3\" data-element_type=\"column\">\n\t\t\t<div class=\"elementor-widget-wrap elementor-element-populated\">\n\t\t\t\t\t\t\t\t<div class=\"elementor-element elementor-element-a5e911c elementor-align-center elementor-widget elementor-widget-button\" data-id=\"a5e911c\" data-element_type=\"widget\" data-widget_type=\"button.default\">\n\t\t\t\t<div class=\"elementor-widget-container\">\n\t\t\t\t\t<div class=\"elementor-button-wrapper\">\n\t\t\t<a href=\"https:\/\/sarahherpin.fr\/?page_id=2358\" class=\"elementor-button-link elementor-button elementor-size-sm\" role=\"button\">\n\t\t\t\t\t\t<span class=\"elementor-button-content-wrapper\">\n\t\t\t\t\t\t<span class=\"elementor-button-text\">Proposez-moi votre projet gourmand et responsable<\/span>\n\t\t<\/span>\n\t\t\t\t\t<\/a>\n\t\t<\/div>\n\t\t\t\t<\/div>\n\t\t\t\t<\/div>\n\t\t\t\t\t<\/div>\n\t\t<\/div>\n\t\t\t\t\t\t\t<\/div>\n\t\t<\/section>\n\t\t\t\t\t\t<\/div>\n\t\t\t\t\t<\/div>\n\t\t","protected":false},"excerpt":{"rendered":"<p>Ma vision Cuisiner oui!\u00a0 Mais seulement dans le respect de la terre, des hommes et de votre bien-\u00eatre! Si j\u2019ai choisi en pleine conscience le m\u00e9tier de cuisini\u00e8re, c\u2019est bien-s\u00fbr parce que je suis passionn\u00e9e de cuisine, mais c\u2019est aussi parce que ce m\u00e9tier me permet de prendre soin de vous tout en prenant soin &hellip;<\/p>\n<p class=\"read-more\"> <a class=\"\" href=\"https:\/\/sarahherpin.fr\/?page_id=2582\"> <span class=\"screen-reader-text\">Ma vision<\/span> Lire la suite\u00a0\u00bb<\/a><\/p>\n","protected":false},"author":1,"featured_media":0,"parent":0,"menu_order":0,"comment_status":"closed","ping_status":"closed","template":"","meta":{"site-sidebar-layout":"no-sidebar","site-content-layout":"page-builder","ast-main-header-display":"","ast-hfb-above-header-display":"","ast-hfb-below-header-display":"","ast-hfb-mobile-header-display":"","site-post-title":"disabled","ast-breadcrumbs-content":"","ast-featured-img":"disabled","footer-sml-layout":"","theme-transparent-header-meta":"","adv-header-id-meta":"","stick-header-meta":"","header-above-stick-meta":"","header-main-stick-meta":"","header-below-stick-meta":"","footnotes":""},"class_list":["post-2582","page","type-page","status-publish","hentry"],"_links":{"self":[{"href":"https:\/\/sarahherpin.fr\/index.php?rest_route=\/wp\/v2\/pages\/2582","targetHints":{"allow":["GET"]}}],"collection":[{"href":"https:\/\/sarahherpin.fr\/index.php?rest_route=\/wp\/v2\/pages"}],"about":[{"href":"https:\/\/sarahherpin.fr\/index.php?rest_route=\/wp\/v2\/types\/page"}],"author":[{"embeddable":true,"href":"https:\/\/sarahherpin.fr\/index.php?rest_route=\/wp\/v2\/users\/1"}],"replies":[{"embeddable":true,"href":"https:\/\/sarahherpin.fr\/index.php?rest_route=%2Fwp%2Fv2%2Fcomments&post=2582"}],"version-history":[{"count":130,"href":"https:\/\/sarahherpin.fr\/index.php?rest_route=\/wp\/v2\/pages\/2582\/revisions"}],"predecessor-version":[{"id":3755,"href":"https:\/\/sarahherpin.fr\/index.php?rest_route=\/wp\/v2\/pages\/2582\/revisions\/3755"}],"wp:attachment":[{"href":"https:\/\/sarahherpin.fr\/index.php?rest_route=%2Fwp%2Fv2%2Fmedia&parent=2582"}],"curies":[{"name":"wp","href":"https:\/\/api.w.org\/{rel}","templated":true}]}}